{"id":1012,"date":"2023-09-19T13:41:00","date_gmt":"2023-09-19T12:41:00","guid":{"rendered":"http:\/\/www.associazionesemibreve.it\/?page_id=1012"},"modified":"2023-09-19T18:53:36","modified_gmt":"2023-09-19T17:53:36","slug":"michele-caserta","status":"publish","type":"page","link":"https:\/\/www.associazionesemibreve.it\/index.php\/michele-caserta\/","title":{"rendered":"MICHELE CASERTA"},"content":{"rendered":"\n<p>Vanta una lunga carriera da musicista come frontman nei Drama Emperor (Post-Punk\/Darkwave), come macchinista nei Twin Towers e Picnic (Electro\/EBM) e come batterista negli Shesgot (Shoegazing rock), nonch\u00e8 una carriera paralella da uomo dietro le quinte con R7 Agency e Bunker Studio.Tutto ci\u00f2 gli da la padronanza necessaria per ottenere il giusto equilibrio tra leggerezza e profondit\u00e0, quello di un&#8217;inquietudine industrial non priva di ironia che potete ascoltare in vari remix di diversi artisti. Attivo nell&#8217;ambito didattico della Batteria dal 2005.<\/p>\n","protected":false},"excerpt":{"rendered":"<p>Vanta una lunga carriera da musicista come frontman nei Drama Emperor (Post-Punk\/Darkwave), come macchinista nei Twin Towers e Picnic (Electro\/EBM) e come batterista negli Shesgot (Shoegazing rock), nonch\u00e8 una carriera&hellip;<a href=\"https:\/\/www.associazionesemibreve.it\/index.php\/michele-caserta\/\" class=\"more-link\"><span class=\"more-button\">Continue reading<span class=\"screen-reader-text\">MICHELE CASERTA<\/span><\/span><\/a><\/p>\n","protected":false},"author":2,"featured_media":0,"parent":0,"menu_order":0,"comment_status":"closed","ping_status":"closed","template":"","meta":[],"_links":{"self":[{"href":"https:\/\/www.associazionesemibreve.it\/index.php\/wp-json\/wp\/v2\/pages\/1012"}],"collection":[{"href":"https:\/\/www.associazionesemibreve.it\/index.php\/wp-json\/wp\/v2\/pages"}],"about":[{"href":"https:\/\/www.associazionesemibreve.it\/index.php\/wp-json\/wp\/v2\/types\/page"}],"author":[{"embeddable":true,"href":"https:\/\/www.associazionesemibreve.it\/index.php\/wp-json\/wp\/v2\/users\/2"}],"replies":[{"embeddable":true,"href":"https:\/\/www.associazionesemibreve.it\/index.php\/wp-json\/wp\/v2\/comments?post=1012"}],"version-history":[{"count":2,"href":"https:\/\/www.associazionesemibreve.it\/index.php\/wp-json\/wp\/v2\/pages\/1012\/revisions"}],"predecessor-version":[{"id":1031,"href":"https:\/\/www.associazionesemibreve.it\/index.php\/wp-json\/wp\/v2\/pages\/1012\/revisions\/1031"}],"wp:attachment":[{"href":"https:\/\/www.associazionesemibreve.it\/index.php\/wp-json\/wp\/v2\/media?parent=1012"}],"curies":[{"name":"wp","href":"https:\/\/api.w.org\/{rel}","templated":true}]}}