{"id":1096,"date":"2024-01-10T23:54:59","date_gmt":"2024-01-10T22:54:59","guid":{"rendered":"http:\/\/www.associazionesemibreve.it\/?page_id=1096"},"modified":"2024-01-10T23:55:00","modified_gmt":"2024-01-10T22:55:00","slug":"beatriz-cortesao","status":"publish","type":"page","link":"https:\/\/www.associazionesemibreve.it\/index.php\/beatriz-cortesao\/","title":{"rendered":"BEATRIZ CORTES\u00c3O"},"content":{"rendered":"\n<p>La prima arpista ad aver vinto il premio nazionale Giovane Musicista dell\u2019Anno, la portoghese &#8220;virtuosa dell\u2019arpa&#8221; (Pr\u00e9mio Jovens M\u00fasicos) Beatriz Cortes\u00e3o sta catturando l\u2019attenzione del pubblico a livello globale, fra la sua &#8220;energia contagiosa\u201d e la sua &#8220;tecnica straordinaria&#8221; (Harp Column). Tra i suoi numerosi premi internazionali ci sono il 3.\u00ba premio e il Premio Mario Falc\u00e3o nel 21\u00ba Concorso Internazionale di Arpa in Israele. Recentemente ha vinto il concorso nazionale Pr\u00e9mio Jovens M\u00fasicos in Portogallo. Come solista, Cortes\u00e3o si \u00e8 presentata con la Jerusalem Symphonic Orchestra, Orquestra Gulbenkian, Real Filharmon\u00eda de Galicia e con la Orquestra Cl\u00e1ssica do Centro. Ha suonato alla premi\u00e8re &#8220;Hybris&#8221; per arpa solista e orchestra di Alejandro Civilotti, nel Noia Harp Fest (Spagna, 2023) e nel &#8220;Trio&#8221; per flauto, viola ed arpa di Clotilde Rosa, con il Lisbon Ensemble 20\/21 (Portogallo, 2020). \u00c8 stata l\u2019arpista alla premi\u00e8re &#8220;Transparent(e)\u201d per lauto, viola e arpa di H. Vasco Reis (Portogallo, 2020). Cortes\u00e3o ha registrato con l\u2019Ensemble D\u2019Arcos per l\u2019album &#8220;Tremor&#8221; (2021) e \u201cTime Stands Still\u201d (2020) di Nuno C\u00f4rte-Real, ed \u00e8 la co-fondatrice del duo di arpe \u201cAnimarpa\u201d, con Carolina Coimbra. Collabora regolarmente con Ant\u00f3nio Victorino D\u2019Almeida in vari progetti, come &#8220;Gaudeamus &#8211; Songs Cycle for Europe&#8221;, per soprano ed orchestra da camera.<br>Solisticamente, ha fatto dei concerti in Israele, Italia, Portogallo, Russia, Slovenia, Spagna e Svizzera. Cortes\u00e3o ha vinto l\u2019audizione per la Prima Arpa dell\u2019Accademia Teatro Alla Scala di Milano (anno 2023\/2024), oltre a vincere l\u2019audizione per il posto di arpa dell\u2019Orchestra di Giovani dell\u2019Unione Europea nell\u2019anno 2020\/2021.<br>Beatriz Cortes\u00e3o \u00e8 invitata regolarmente come membro di giuria in concorsi nazionali ed internazionali. \u00c8 membro dell\u2019Associa\u00e7\u00e3o Portuguesa de Harpa e dell\u2019Associa\u00e7\u00e3o \u00c0 Corda.<br>Beatriz Cortes\u00e3o ha studiato l\u2019arpa con Eleonor Picas, Beatrix Schmidt, Rita Campos e Erica Versace. La HarpMasters Academy ha avuto un ruolo vitale nello sviluppo delle sue capacit\u00e0, a livello personale e artistico, dal 2012. Ha conseguito i titoli di Triennio e Biennio in Performance Musicale con lode e menzione, presso la Civica Scuola di Musica Claudio Abbado, sotto la guida della Dr.ssa Irina Zingg.<\/p>\n\n\n\n<div class=\"wp-block-image is-style-rounded\"><figure class=\"aligncenter size-medium is-resized\"><img loading=\"lazy\" src=\"http:\/\/www.associazionesemibreve.it\/wp-content\/uploads\/2024\/01\/21e72499-9166-4c73-8e20-bedd2a2326b2-2-scaled-e1704927256763-300x300.jpg\" alt=\"\" class=\"wp-image-1097\" width=\"466\" height=\"466\" srcset=\"https:\/\/www.associazionesemibreve.it\/wp-content\/uploads\/2024\/01\/21e72499-9166-4c73-8e20-bedd2a2326b2-2-scaled-e1704927256763-300x300.jpg 300w, https:\/\/www.associazionesemibreve.it\/wp-content\/uploads\/2024\/01\/21e72499-9166-4c73-8e20-bedd2a2326b2-2-scaled-e1704927256763-1024x1024.jpg 1024w, https:\/\/www.associazionesemibreve.it\/wp-content\/uploads\/2024\/01\/21e72499-9166-4c73-8e20-bedd2a2326b2-2-scaled-e1704927256763-150x150.jpg 150w, https:\/\/www.associazionesemibreve.it\/wp-content\/uploads\/2024\/01\/21e72499-9166-4c73-8e20-bedd2a2326b2-2-scaled-e1704927256763-768x768.jpg 768w, https:\/\/www.associazionesemibreve.it\/wp-content\/uploads\/2024\/01\/21e72499-9166-4c73-8e20-bedd2a2326b2-2-scaled-e1704927256763-1536x1536.jpg 1536w, https:\/\/www.associazionesemibreve.it\/wp-content\/uploads\/2024\/01\/21e72499-9166-4c73-8e20-bedd2a2326b2-2-scaled-e1704927256763-620x620.jpg 620w, https:\/\/www.associazionesemibreve.it\/wp-content\/uploads\/2024\/01\/21e72499-9166-4c73-8e20-bedd2a2326b2-2-scaled-e1704927256763-1000x1000.jpg 1000w, https:\/\/www.associazionesemibreve.it\/wp-content\/uploads\/2024\/01\/21e72499-9166-4c73-8e20-bedd2a2326b2-2-scaled-e1704927256763-600x600.jpg 600w, https:\/\/www.associazionesemibreve.it\/wp-content\/uploads\/2024\/01\/21e72499-9166-4c73-8e20-bedd2a2326b2-2-scaled-e1704927256763-400x400.jpg 400w, https:\/\/www.associazionesemibreve.it\/wp-content\/uploads\/2024\/01\/21e72499-9166-4c73-8e20-bedd2a2326b2-2-scaled-e1704927256763.jpg 1920w\" sizes=\"(max-width: 466px) 100vw, 466px\" \/><\/figure><\/div>\n\n\n\n<p><\/p>\n","protected":false},"excerpt":{"rendered":"<p>La prima arpista ad aver vinto il premio nazionale Giovane Musicista dell\u2019Anno, la portoghese &#8220;virtuosa dell\u2019arpa&#8221; (Pr\u00e9mio Jovens M\u00fasicos) Beatriz Cortes\u00e3o sta catturando l\u2019attenzione del pubblico a livello globale, fra&hellip;<a href=\"https:\/\/www.associazionesemibreve.it\/index.php\/beatriz-cortesao\/\" class=\"more-link\"><span class=\"more-button\">Continue reading<span class=\"screen-reader-text\">BEATRIZ CORTES\u00c3O<\/span><\/span><\/a><\/p>\n","protected":false},"author":2,"featured_media":0,"parent":0,"menu_order":0,"comment_status":"closed","ping_status":"closed","template":"","meta":[],"_links":{"self":[{"href":"https:\/\/www.associazionesemibreve.it\/index.php\/wp-json\/wp\/v2\/pages\/1096"}],"collection":[{"href":"https:\/\/www.associazionesemibreve.it\/index.php\/wp-json\/wp\/v2\/pages"}],"about":[{"href":"https:\/\/www.associazionesemibreve.it\/index.php\/wp-json\/wp\/v2\/types\/page"}],"author":[{"embeddable":true,"href":"https:\/\/www.associazionesemibreve.it\/index.php\/wp-json\/wp\/v2\/users\/2"}],"replies":[{"embeddable":true,"href":"https:\/\/www.associazionesemibreve.it\/index.php\/wp-json\/wp\/v2\/comments?post=1096"}],"version-history":[{"count":1,"href":"https:\/\/www.associazionesemibreve.it\/index.php\/wp-json\/wp\/v2\/pages\/1096\/revisions"}],"predecessor-version":[{"id":1099,"href":"https:\/\/www.associazionesemibreve.it\/index.php\/wp-json\/wp\/v2\/pages\/1096\/revisions\/1099"}],"wp:attachment":[{"href":"https:\/\/www.associazionesemibreve.it\/index.php\/wp-json\/wp\/v2\/media?parent=1096"}],"curies":[{"name":"wp","href":"https:\/\/api.w.org\/{rel}","templated":true}]}}