{"id":1152,"date":"2024-03-14T08:57:37","date_gmt":"2024-03-14T07:57:37","guid":{"rendered":"http:\/\/www.associazionesemibreve.it\/?page_id=1152"},"modified":"2024-03-16T14:09:26","modified_gmt":"2024-03-16T13:09:26","slug":"cenni-storici","status":"publish","type":"page","link":"https:\/\/www.associazionesemibreve.it\/index.php\/cenni-storici\/","title":{"rendered":"CENNI STORICI"},"content":{"rendered":"\n<p><strong>IL BARBIERE DI SIVIGLIA<\/strong><\/p>\n\n\n\n<p>Nel dicembre 1815 al giovane compositore Gioacchino Rossini, allora ventitreenne, viene commissionata dall\u2019impresario Francesco Sforza Cesarini un\u2019opera buffa su libretto di Cesare Sterbini: \u00e8 il barbiere di Siviglia. L\u2019opera doveva essere pronta in poco tempo per la Stagione di carnevale al Teatro Argentina di Roma. E cos\u00ec il 20 febbraio 1816 \u201cil barbiere di Siviglia\u201d &#8211; con titolo Almaviva, ovvero l\u2019inutil precauzione \u2013 viene eseguita al teatro Argentina in fretta e furia,<br>dopo poche prove ed un solo mese di lavoro di Rossini. La prima \u00e8 un vero fiasco: infatti in sala sono presenti molti sostenitori di Giovanni Paisiello \u2013 famoso compositore precedente a Rossini \u2013 il quale aveva anni prima gi\u00e0 composto un\u2019opera con lo stesso soggetto. Nonostante questo episodio, fin dalle prime repliche il barbiere di Siviglia si dimostra un vero trionfo, destinato a diventare fino ad oggi una delle opere liriche pi\u00f9 famose.<\/p>\n\n\n\n<p><br><strong>IL SOGGETTO<\/strong><\/p>\n\n\n\n<p>Il personaggio del barbiere Figaro e della sua Siviglia del XVIII secolo \u00e8 fin dalla fine del Settecento un soggetto molto frequentato in teatro da scrittori e compositori. E\u2019 il protagonista della trilogia in prosa del drammaturgo francese Pierre-Augustin Caron de Beaumarchais(1732-1799) composta dalle tre opere:<\/p>\n\n\n\n<p>&#8211; Il barbiere di Siviglia o la precauzione inutile (Le Barbier de S\u00e9ville ou la Pr\u00e9caution inutile, 1775);<\/p>\n\n\n\n<p>&#8211; La folle giornata o Il matrimonio di Figaro (La Folle journ\u00e9e, ou le Mariage de Figaro, 1784);<\/p>\n\n\n\n<p>&#8211; L&#8217;Altro Tartufo o La madre colpevole (L\u2019Autre Tartuffe, ou la M\u00e8re coupable, 1792).<\/p>\n\n\n\n<p>Opere molto discusse in ambiente francese perch\u00e9 portatrici degli ideali borghesi ed illuministici che hanno alimentato la Rivoluzione francese e fatto tremare tutti i monarchi europei. Anche Mozart ed il suo librettista Lorenzo Da Ponte sono stati affascinati dalla figura di Figaro e dalla sua intraprendenza nei confronti dell\u2019ancien regime. Stiamo parlando della sua opera Le Nozze di Figaro, andate in scena a Vienna nel 1786, seconda opera della trilogia. Anche il soggetto de il barbiere di Siviglia ha molta fortuna alla fine del Settecento grazie al compositore napoletano Giovanni Paisiello, con il suo Barbiere andato in scena a San Pietroburgo nel 1782. Il successo della versione di Paisiello \u00e8 enorme e lo scontro tra la sua composizione e quella futura di Rossini \u00e8 inevitabile. Ma il talento e la novit\u00e0 di Rossini \u00e8 enorme e la sua vittoria nei confronti di Paisiello \u00e8 schiacciante: ancora oggi il Barbiere rossiniano \u00e8 una delle opere pi\u00f9 rappresentate e amate dal pubblico di tutto il mondo.<\/p>\n","protected":false},"excerpt":{"rendered":"<p>IL BARBIERE DI SIVIGLIA Nel dicembre 1815 al giovane compositore Gioacchino Rossini, allora ventitreenne, viene commissionata dall\u2019impresario Francesco Sforza Cesarini un\u2019opera buffa su libretto di Cesare Sterbini: \u00e8 il barbiere&hellip;<a href=\"https:\/\/www.associazionesemibreve.it\/index.php\/cenni-storici\/\" class=\"more-link\"><span class=\"more-button\">Continue reading<span class=\"screen-reader-text\">CENNI STORICI<\/span><\/span><\/a><\/p>\n","protected":false},"author":2,"featured_media":0,"parent":0,"menu_order":0,"comment_status":"closed","ping_status":"closed","template":"","meta":[],"_links":{"self":[{"href":"https:\/\/www.associazionesemibreve.it\/index.php\/wp-json\/wp\/v2\/pages\/1152"}],"collection":[{"href":"https:\/\/www.associazionesemibreve.it\/index.php\/wp-json\/wp\/v2\/pages"}],"about":[{"href":"https:\/\/www.associazionesemibreve.it\/index.php\/wp-json\/wp\/v2\/types\/page"}],"author":[{"embeddable":true,"href":"https:\/\/www.associazionesemibreve.it\/index.php\/wp-json\/wp\/v2\/users\/2"}],"replies":[{"embeddable":true,"href":"https:\/\/www.associazionesemibreve.it\/index.php\/wp-json\/wp\/v2\/comments?post=1152"}],"version-history":[{"count":4,"href":"https:\/\/www.associazionesemibreve.it\/index.php\/wp-json\/wp\/v2\/pages\/1152\/revisions"}],"predecessor-version":[{"id":1189,"href":"https:\/\/www.associazionesemibreve.it\/index.php\/wp-json\/wp\/v2\/pages\/1152\/revisions\/1189"}],"wp:attachment":[{"href":"https:\/\/www.associazionesemibreve.it\/index.php\/wp-json\/wp\/v2\/media?parent=1152"}],"curies":[{"name":"wp","href":"https:\/\/api.w.org\/{rel}","templated":true}]}}