{"id":1197,"date":"2024-03-24T12:09:42","date_gmt":"2024-03-24T11:09:42","guid":{"rendered":"http:\/\/www.associazionesemibreve.it\/?page_id=1197"},"modified":"2024-04-07T19:41:43","modified_gmt":"2024-04-07T18:41:43","slug":"duo-di-lena","status":"publish","type":"page","link":"https:\/\/www.associazionesemibreve.it\/index.php\/duo-di-lena\/","title":{"rendered":"GLI ARTISTI"},"content":{"rendered":"\n<p><strong>DUO DI LENA<\/strong><br>Composto dai fratelli Marta (Flauto Traverso) e Marco (Chitarra Classica) Di Lena, si forma nel 2008 su idea del M\u02da Claudio Pio Liviero e fin da subito ha avuto occasione di esibirsi in importanti rassegne concertistiche in Italia e all\u2019estero. Il duo ha suonato in alcuni festival e rassegne concertistiche molto importanti tra cui il festival Enrico Mercatali, Note in Citt\u00e0 (Go), Aperitivi Musicali (Pn), Aperture Claustrali (Ud), Pizzicando Classica (Ud). Ha tenuto concerti in importanti scenari come il Kulturni Dom di Crevatini (Slo), Duomo di Udine, Palazzo de Grazia (Go) e numerosi altri.<br>Ha partecipato nel 2013 al Concorso Internazionale \u201cEnrico Mercatali\u201d classificandosi al terzo posto nella \u201cCategoria musica da camera fino ai 19 anni\u201d.<br>Nel 2019 il duo si \u00e8 inoltre esibito, insieme ai \u201cCameristi F.V.G\u201d, in una tourn\u00e9e che ha toccato importanti citt\u00e0 italiane, quali Lodi, Bologna, Pistoia e Roma.<br>Nel 2022 pubblica per \u201cExamina\u201d il disco Silloge Prima &#8211; L\u2019Ottocento italiano per Flauto Traverso e Chitarra Classica.<\/p>\n\n\n\n<div class=\"wp-block-image is-style-rounded\"><figure class=\"aligncenter size-large is-resized\"><img loading=\"lazy\" src=\"http:\/\/www.associazionesemibreve.it\/wp-content\/uploads\/2024\/03\/IMG_20240216_213632_789.jpg\" alt=\"\" class=\"wp-image-1198\" width=\"555\" height=\"555\" srcset=\"https:\/\/www.associazionesemibreve.it\/wp-content\/uploads\/2024\/03\/IMG_20240216_213632_789.jpg 824w, https:\/\/www.associazionesemibreve.it\/wp-content\/uploads\/2024\/03\/IMG_20240216_213632_789-300x300.jpg 300w, https:\/\/www.associazionesemibreve.it\/wp-content\/uploads\/2024\/03\/IMG_20240216_213632_789-150x150.jpg 150w, https:\/\/www.associazionesemibreve.it\/wp-content\/uploads\/2024\/03\/IMG_20240216_213632_789-768x768.jpg 768w, https:\/\/www.associazionesemibreve.it\/wp-content\/uploads\/2024\/03\/IMG_20240216_213632_789-620x620.jpg 620w, https:\/\/www.associazionesemibreve.it\/wp-content\/uploads\/2024\/03\/IMG_20240216_213632_789-600x600.jpg 600w, https:\/\/www.associazionesemibreve.it\/wp-content\/uploads\/2024\/03\/IMG_20240216_213632_789-400x400.jpg 400w\" sizes=\"(max-width: 555px) 100vw, 555px\" \/><\/figure><\/div>\n\n\n\n<p><\/p>\n\n\n\n<p><strong>MARTA DI LENA<\/strong><br>Nasce a San Daniele del Friuli nel 1998, all\u2019et\u00e0 di sette anni inizia i suoi studi musicali sotto la guida della Ma Daniela Brussolo presso la Fondazione musicale \u201cCitt\u00e0 di Gorizia\u201d. Prosegue gli studi al Conservatorio \u201cJ. Tomadini\u201d di Udine con la Ma Simonetta Pagani e nel 2019 consegue la laurea di Primo Livello Accademico (110 e Lode). Sempre presso il Conservatorio di Udine porta a termine il biennio specialistico sotto la guida dei Maestri Giorgio Di Giorgi e Simone De Franceschi, conseguendo la laurea di Secondo Livello Accademico (110 e Lode).<br>Partecipa a diversi masterclass e corsi di perfezionamento musicale, tra cui, nel 2017, quello con il grande flautista di fama internazionale Berten D\u2019Hollander.<br>Attualmente \u00e8 membro del \u201cDuo Di Lena\u201d e insieme al fratello chitarrista si esibisce in diversi concerti. Fa anche parte dei \u201cCameristi F.V.G.\u201d, gruppo con il quale, nel 2019, ha suonato in una tourn\u00e9e in diverse citt\u00e0 d\u2019Italia (fra cui Lodi, Bologna, Pistoia e Roma).<br>Parallelamente si occupa anche di musica antica. Dal 2015, infatti, fa parte dell\u2019Ensemble \u201cGemina\u201d,in cui si esibisce al flauto dolce: il gruppo, che ha partecipato a diversi eventi fra cui quello di \u201cCremona Classica\u201d, in occasione del quale ha registrato per la TV1 Cremona, si propone di diffondere la musica medievale, eseguendo brani originali del tempo e suonando ricostruzioni di strumenti musicali dell\u2019epoca. Dal 2018 \u00e8 membro dell\u2019Ensemble \u201cSuperFluminaBabylonis\u201d, gruppo vocale e strumentale di giovani professionisti che desiderano riproporre i grandi capolavori della musica rinascimentale e barocca.<br>Risulta vincitrice di alcuni concorsi nazionali e internazionali: terzo premio (2010), primo premio + premio \u201cMatteo Cosoli\u201d per la migliore esecuzione flautistica (2011) e secondo premio (2012) al concorso \u201cCertamen Musicum\u201d di Staranzano; terzo premio \u201cEnrico Mercatali\u201d al concorso di Gorizia (2013).<br>Nel 2019 partecipa alla pubblicazione discografica Music for Symphony Band di Teresa Procaccini. Nel 2022 pubblica per \u201cExamina\u201d il disco Silloge Prima &#8211; L\u2019Ottocento italiano per Flauto Traverso e Chitarra Classica, interpretato dal Duo Di Lena (Marta e Marco Di Lena).<br>Si dedica inoltre all\u2019attivit\u00e0 didattica, insegnando flauto traverso e musica da camera in diverse scuole di musica del Friuli Venezia Giulia.<\/p>\n\n\n\n<p><strong>MARCO DI LENA<\/strong><br>Nato a San Daniele del Friuli nel 1994, ha cominciato gli studi con il Violino alla Fondazione Musicale \u201cCitt\u00e0 di Gorizia\u201d molto giovane all\u2019et\u00e0 di 5 anni sotto la guida del M\u00b0 Laura Grandi. Successivamente, scegliendo la Chitarra Classica, ha ricevuto i primi insegnamenti dall M\u00b0 Simone Movio e il M\u00b0 Claudio Pio Liviero, col quale nel 2011 ha vinto una borsa di studio. Ha conseguito la laurea di Primo Livello Accademico e Secondo Livello Accademico sotto la guida del M\u00b0 Stefano Viola con il massimo dei voti (Triennale 107\/110 e Magistrale 110\/110) presso il Conservatorio \u201cJacopo Tomadini\u201d di Udine. Ha partecipato, inoltre, a numerosi Masterclass e corsi di perfezionamento musicale (anche all\u2019estero) con i Maestri Pier Luigi Corona, Franco Saretta, Stefano Grondona, Pavel Steidl, Stefano Viola, Paul Galbraith, Claudio Pio Liviero, Nicola Jappelli, Vito Nicola Paradiso, Andrej Grafenauer, Nagy Michael e Giuseppe Angeli.<br>Si \u00e8 esibito come solista in pi\u00f9 occasioni suonando per vari festival in Italia e all&#8217;estero: Italia, Slovenia, Croazia e Austria. \u00c8 membro di vari gruppi di musica da camera tra cui il \u201cDuo Di Lena e \u201ci Cameristi F.V.G.\u201d di cui \u00e8 anche direttore e il &#8220;Quintetto Casa delle Arti&#8221;. Con i \u201cCameristi F.V.G.\u201d \u00e8 stato impegnato nel 2019 in una tourn\u00e9e italiana dal nome \u201c Percorso Peninsulare\u201d. \u00c8 stato membro della Gorizia Guitar Orchestra e ha collaborato con l&#8217;Ensemble di<br>Chitarre di Farra d&#8217;Isonzo. Si occupa anche di musica antica ed \u00e8 membro dell&#8217;Ensemble Gemina (ex Protempore) e<br>dell\u2019Ensemble Superflumina Babylonis, coi quali si esibisce al liuto e alla chitarra barocca. Ha collaborato inoltre con l&#8217;Ensemble Dramsam. Con l\u2019ensemble Gemina ha registrato per la TV 1 Cremona nella stagione concertistica \u201cCremona Classica\u201d. Nel 2017 si \u00e8 esibito in veste solistica per molteplici concerti assieme al coro \u201cfreevoices\u201d come chitarrista per lo spettacolo \u201cGiostra Italiana\u201d.<br>\u00c8 risultato vincitore di alcuni concorsi nazionali ed internazionali:<br>1\u00b0 premio al concorso Musicale Citt\u00e0 di Palmanova (musica da camera senza limiti d\u2019et\u00e0)<br>3\u00b0 premio al concorso Musicale Citt\u00e0 di Treviso (musica da camera senza limiti d\u2019et\u00e0)<br>3\u00b0 premio al concorso Enrico Mercatali (musica da camera fino al 19 anni)<br>\u00c8 stato direttore artistico e ideatore del festival Pizzicando Classica di San Daniele del Friuli nel 2017.<br>Nel 2018 e 2019 \u00e8 stato selezionato come \u201cGiovane Talento FVG\u201d all\u2019interno del festival \u201cAltamira Guitar Competition\u201d in cui ha eseguito (2018) in prima assoluta la composizione \u201cWalz, come se fosse un Valzer\u201d della compositrice Cristina Cristiancic, la registrazione dello stesso brano \u00e8 stata pubblicata dalla casa editrice \u201cSinfonica\u201d. Nel 2018 ha preso parte come chitarrista al disco \u201cGabriella Panico\u201d e pubblicato per \u201cFigurella\u201d.<br>Per l\u2019attivit\u00e0 concertistica svolta con l\u2019Ensemble Super Flumina Babylonis nel 2019 \u00e8 stato premiato dalla Scuola Diocesana di Gorizia con un diploma per meriti artistici. Sempre lo stesso anno ha partecipato al concorso musicale \u201cGiovani Talenti citt\u00e0 di Gorizia\u201d in qualit\u00e0 di giurato.<br>Nel 2019 ha partecipato al progetto &#8220;81 Anatolian Folk song&#8217;s&#8221; raccolta di arrangiamenti ed esecuzioni di brani tradizionali arrangiati per chitarra e registrati da 81 chitarristi da tutto il mondo. Dal 2019 \u00e8 co-direttore artistico\/musicale del &#8220;Crocevie Art Music Festival&#8221;. Nel 2022 ha pubblicato per la casa discografica \u201cNota\u201d il disco \u201cDomenico Bianchini, il suono del mosaico\u201d contenente l\u2019opera omnia dell\u2019autore trascritta integralmente per Chitarra Classica. L\u2019anno successivo pubblica per \u201cExamina\u201d il disco \u201cSilloge Prima, musica italiana dell\u2019800 per flauto e chitarra\u201d interpretato dal Duo Di Lena (Marta e Marco Di Lena).<br>Si dedica anche all&#8217;attivit\u00e0 didattica tenendo masterclass ed \u00e8 insegnante di chitarra in varie scuole di musica della regione Friuli Venezia Giulia. Negli ultimi anni molti suoi allievi si sono distinti all\u2019interno di concorsi musicali ottenendo sempre ottimi risultati classificandosi nelle prime posizioni tra cui nel 2018 il primo assoluto \u201cDiapason d\u2019Oro\u201d<\/p>\n","protected":false},"excerpt":{"rendered":"<p>DUO DI LENAComposto dai fratelli Marta (Flauto Traverso) e Marco (Chitarra Classica) Di Lena, si forma nel 2008 su idea del M\u02da Claudio Pio Liviero e fin da subito ha&hellip;<a href=\"https:\/\/www.associazionesemibreve.it\/index.php\/duo-di-lena\/\" class=\"more-link\"><span class=\"more-button\">Continue reading<span class=\"screen-reader-text\">GLI ARTISTI<\/span><\/span><\/a><\/p>\n","protected":false},"author":2,"featured_media":0,"parent":0,"menu_order":0,"comment_status":"closed","ping_status":"closed","template":"","meta":[],"_links":{"self":[{"href":"https:\/\/www.associazionesemibreve.it\/index.php\/wp-json\/wp\/v2\/pages\/1197"}],"collection":[{"href":"https:\/\/www.associazionesemibreve.it\/index.php\/wp-json\/wp\/v2\/pages"}],"about":[{"href":"https:\/\/www.associazionesemibreve.it\/index.php\/wp-json\/wp\/v2\/types\/page"}],"author":[{"embeddable":true,"href":"https:\/\/www.associazionesemibreve.it\/index.php\/wp-json\/wp\/v2\/users\/2"}],"replies":[{"embeddable":true,"href":"https:\/\/www.associazionesemibreve.it\/index.php\/wp-json\/wp\/v2\/comments?post=1197"}],"version-history":[{"count":3,"href":"https:\/\/www.associazionesemibreve.it\/index.php\/wp-json\/wp\/v2\/pages\/1197\/revisions"}],"predecessor-version":[{"id":1268,"href":"https:\/\/www.associazionesemibreve.it\/index.php\/wp-json\/wp\/v2\/pages\/1197\/revisions\/1268"}],"wp:attachment":[{"href":"https:\/\/www.associazionesemibreve.it\/index.php\/wp-json\/wp\/v2\/media?parent=1197"}],"curies":[{"name":"wp","href":"https:\/\/api.w.org\/{rel}","templated":true}]}}