{"id":1282,"date":"2024-06-25T08:48:53","date_gmt":"2024-06-25T07:48:53","guid":{"rendered":"http:\/\/www.associazionesemibreve.it\/?page_id=1282"},"modified":"2024-06-27T20:12:20","modified_gmt":"2024-06-27T19:12:20","slug":"note-di-sala-3","status":"publish","type":"page","link":"https:\/\/www.associazionesemibreve.it\/index.php\/note-di-sala-3\/","title":{"rendered":"NOTE DI SALA"},"content":{"rendered":"\n<p>Una serata in compagnia delle pi\u00f9 celebri arie d\u2019opera. Le arie sono le pagine pi\u00f9 celebri di un\u2019opera, genere musicale vocale e strumentale protagonista assoluta del panorama storico musicale italiano e non solo. Anche se nate con partitura orchestrale, le arie, grazie alle trascrizioni per pianoforte, possono essere benissimo riproposte in concerto grazie alla duttilit\u00e0 e alle possibilit\u00e0 tecniche della tastiera, che pu\u00f2 all\u2019occorrenza suonare come una vera orchestra. Questa sera partiremo con Wolfgang Amadeus Mozart. Il compositore austriaco di fine Settecento ha composto molte opere in italiano grazie alla collaborazione con il librettista Lorenzo da Ponte. Da questa fortunata collaborazione nascono tre opere di genere semiserio come \u201cLe nozze di Figaro\u201d e \u201cDon Giovanni\u201d. Dalle \u201cNozze\u201d ascolteremo la celeberrima aria \u201cNon pi\u00f9 andrai\u201d e da \u201cDon Giovanni\u201d l\u2019aria di Leporello (detta \u201caria del catalogo\u201d) e il duetto \u201cL\u00e0 ci darem la mano\u201d tra Don Giovanni e Zerlina. Del genere buffo (ossia di carattere allegro) proponiamo due grandi compositori italiani esperti del settore: il marchigiano Gioacchino Rossini e Gaetano Donizetti. Di Rossini ascolteremo dal \u201cBarbiere di Siviglia\u201d l\u2019aria di Don Basilio \u201cLa calunnia \u00e8 un venticello\u201d e di Donizetti alcune pagine tratte dalla famosa opera \u201cL\u2019elisir d\u2019amore\u201d. Tra le pagine de \u201cL\u2019Elisir\u201d non pu\u00f2 mancare la celebre \u201cUna furtiva lagrima\u201d, cavallo di battaglia del nostro Beniamino Gigli. Il resto del concerto \u00e8 dedicato invece all\u2019opera francese ed a Giacomo Puccini. Charles Gounod \u00e8 un compositore francese di met\u00e0 Ottocento, autore dell\u2019opera \u201cRomeo et Juliette\u201d (la versione operistica del dramma di Shakespeare), mentre Georges Bizet &#8211; di una generazione pi\u00f9 giovane &#8211; \u00e8 autore dell\u2019opera scandalo della seconda met\u00e0 dell\u2019Ottocento \u201cCarmen\u201d. Concludiamo il concerto con alcune pagine di Giacomo Puccini, ricordando quest\u2019anno l&#8217;anniversario (100 anni dalla morte): qui proponiamo l\u2019aria del soprano \u201cO mio babbino caro\u201d da \u201cGianni Schicchi\u201d, l\u2019aria di Musetta da \u201cLa boh\u00e8me\u201d ed il famoso \u201cE lucevan le stelle\u201d da \u201cTosca\u201d, una delle arie tenorili pi\u00f9 famose.<\/p>\n\n\n\n<p class=\"has-text-align-right\"><em>Musicologo \u2013 Davide Bartolucci<\/em><\/p>\n","protected":false},"excerpt":{"rendered":"<p>Una serata in compagnia delle pi\u00f9 celebri arie d\u2019opera. Le arie sono le pagine pi\u00f9 celebri di un\u2019opera, genere musicale vocale e strumentale protagonista assoluta del panorama storico musicale italiano&hellip;<a href=\"https:\/\/www.associazionesemibreve.it\/index.php\/note-di-sala-3\/\" class=\"more-link\"><span class=\"more-button\">Continue reading<span class=\"screen-reader-text\">NOTE DI SALA<\/span><\/span><\/a><\/p>\n","protected":false},"author":2,"featured_media":0,"parent":0,"menu_order":0,"comment_status":"closed","ping_status":"closed","template":"","meta":[],"_links":{"self":[{"href":"https:\/\/www.associazionesemibreve.it\/index.php\/wp-json\/wp\/v2\/pages\/1282"}],"collection":[{"href":"https:\/\/www.associazionesemibreve.it\/index.php\/wp-json\/wp\/v2\/pages"}],"about":[{"href":"https:\/\/www.associazionesemibreve.it\/index.php\/wp-json\/wp\/v2\/types\/page"}],"author":[{"embeddable":true,"href":"https:\/\/www.associazionesemibreve.it\/index.php\/wp-json\/wp\/v2\/users\/2"}],"replies":[{"embeddable":true,"href":"https:\/\/www.associazionesemibreve.it\/index.php\/wp-json\/wp\/v2\/comments?post=1282"}],"version-history":[{"count":2,"href":"https:\/\/www.associazionesemibreve.it\/index.php\/wp-json\/wp\/v2\/pages\/1282\/revisions"}],"predecessor-version":[{"id":1299,"href":"https:\/\/www.associazionesemibreve.it\/index.php\/wp-json\/wp\/v2\/pages\/1282\/revisions\/1299"}],"wp:attachment":[{"href":"https:\/\/www.associazionesemibreve.it\/index.php\/wp-json\/wp\/v2\/media?parent=1282"}],"curies":[{"name":"wp","href":"https:\/\/api.w.org\/{rel}","templated":true}]}}