{"id":1285,"date":"2024-06-25T08:49:19","date_gmt":"2024-06-25T07:49:19","guid":{"rendered":"http:\/\/www.associazionesemibreve.it\/?page_id=1285"},"modified":"2024-06-28T08:37:20","modified_gmt":"2024-06-28T07:37:20","slug":"gli-artisti-2","status":"publish","type":"page","link":"https:\/\/www.associazionesemibreve.it\/index.php\/gli-artisti-2\/","title":{"rendered":"GLI ARTISTI"},"content":{"rendered":"\n<p><strong>FEDERICA PRISCILLA NICODEMO &#8211; SOPRANO<\/strong><\/p>\n\n\n\n<p>Nata a Napoli il 28 settembre del 1993, inizia a 17 anni gli studi musicali presso l\u2019istituto Musicale privato G.B. Pergolesi di Jesi. In giovane et\u00e0 debutta nel ruolo di Serpina della Serva Padrona nell\u2019omonimo teatro. Nel 2015 supera l\u2019ammissione ed inizia a frequentare il corso di canto al Conservatorio Statale \u201cG.Rossini\u201d di Pesaro. Qui prosegue la sua carriera universitaria triennale partecipando attivamente agli eventi musicali del Conservatorio come la rappresentazione della \u201cPetite Messe Solennelle\u201d di Rossini e il Requiem di Faur\u00e9. Contemporaneamente debutta nei teatri di Cattolica ed Urbino con l\u2019Opera \u201cRigoletto\u201d. Si laurea nel Triennio di I livello con il massimo dei voti, sotto la guida del Maestro e Soprano Valeria Esposito. Svolge, inoltre, concerti con quartetto diretti dal Maestro Paola Urbinati e come solista per le televisioni marchigiane.<br>Nel marzo 2022 ha conseguito la Laurea di II livello al Conservatorio \u201cG. Rossini\u201d di Pesaro con il massimo dei voti in Canto Lirico sotto la guida del M\u00b0 Gabriella Morigi. Prende parte, nel ruolo di protagonista, al tour marchigiano \u201cPoesie d\u2019amore nella Valle Incantata\u201d sulla figura di Francesca Da Rimini, accompagnata dal Maestro ed attore Silvio Castiglioni. Nel settembre del 2022 arriva finalista al concorso di SanremoRock, esibendosi sul palco del Teatro Ariston.<\/p>\n\n\n\n<div class=\"wp-block-image is-style-rounded\"><figure class=\"aligncenter size-large is-resized\"><img loading=\"lazy\" src=\"http:\/\/www.associazionesemibreve.it\/wp-content\/uploads\/2023\/02\/PRISCILLA.jpg\" alt=\"\" class=\"wp-image-882\" width=\"454\" height=\"454\" srcset=\"https:\/\/www.associazionesemibreve.it\/wp-content\/uploads\/2023\/02\/PRISCILLA.jpg 526w, https:\/\/www.associazionesemibreve.it\/wp-content\/uploads\/2023\/02\/PRISCILLA-300x300.jpg 300w, https:\/\/www.associazionesemibreve.it\/wp-content\/uploads\/2023\/02\/PRISCILLA-150x150.jpg 150w, https:\/\/www.associazionesemibreve.it\/wp-content\/uploads\/2023\/02\/PRISCILLA-400x399.jpg 400w\" sizes=\"(max-width: 454px) 100vw, 454px\" \/><\/figure><\/div>\n\n\n\n<p><strong>DAVIDE BARTOLUCCI<\/strong>&nbsp;<strong>&#8211; BASSO\/NARRATORE<\/strong><\/p>\n\n\n\n<p>Inizia gli studi di canto presso l\u2019Istituto Musicale \u201cG. B. Pergolesi\u201d di Ancona e si diploma con il massimo dei voti presso il Conservatorio \u201cG.B. Pergolesi\u201d di Fermo. Si perfeziona presso l\u2019Accademia del Rossini Opera Festival a Pesaro, all\u2019Opera Studio del Teatro Real di Madrid, alla Scuola dell\u2019Opera di Bologna e all\u2019opera Studio di Tenerife.<br>Nel 2008 vince il Concorso AsLiCo e nel 2011 rappresenta l\u2019Italia al Concorso \u201cSinger of World\u201d di Cardiff.<br>Debutta al Rossini Opera Festival (Viaggio a Reims) e lavora presso numerosi teatri italiani e stranieri: Teatro Comunale di Bologna (Rondine, Don Pasquale, Gazza Ladra, Elisir d\u2019amore), Teatro San Carlo di Napoli (La serva padrona), Teatro regio di Torino (Cenerentola), Opera di Firenze (Gianni Schicchi, Serva padrona, Flauto magico), Tenerife (Cos\u00ec fan tutte, Don Giovanni, Maria Stuarda), Madrid (Barbiere di Siviglia), Wexford (Don Bucefalo, Cenerentola), Oviedo (Don Giovanni), Ancona (Tosca, Carmen).<br>Ha lavorato con numerosi direttori d\u2019orchestra (Michele Mariotti, Ryuichiro Sonoda, Leonardo Vordoni, Jos\u00e9 Cura, Daniele Rustioni, Massimiliano Caldi, Evelino Pid\u00f2), registi (Damiano Michieletto, Emilio Sagi, Alfonzo Antoniozzi, Rosetta Cucchi, Walter Le Moli).<br>E\u2019 inoltre laureato in Musicologia (Universit\u00e0 Alma Mater di Bologna 2013) ed ha pubblicato il saggio \u201cMaennerarten\u201d (Piccoli Giganti, 2014) sulla prassi esecutiva della Tetralogia wagneriana.<\/p>\n\n\n\n<div class=\"wp-block-image is-style-rounded\"><figure class=\"aligncenter size-large is-resized\"><img loading=\"lazy\" src=\"http:\/\/www.associazionesemibreve.it\/wp-content\/uploads\/2021\/03\/IMG-20210319-WA0010-e1616160151886.jpg\" alt=\"\" class=\"wp-image-444\" width=\"454\" height=\"454\" srcset=\"https:\/\/www.associazionesemibreve.it\/wp-content\/uploads\/2021\/03\/IMG-20210319-WA0010-e1616160151886.jpg 548w, https:\/\/www.associazionesemibreve.it\/wp-content\/uploads\/2021\/03\/IMG-20210319-WA0010-e1616160151886-300x300.jpg 300w, https:\/\/www.associazionesemibreve.it\/wp-content\/uploads\/2021\/03\/IMG-20210319-WA0010-e1616160151886-150x150.jpg 150w, https:\/\/www.associazionesemibreve.it\/wp-content\/uploads\/2021\/03\/IMG-20210319-WA0010-e1616160151886-400x401.jpg 400w\" sizes=\"(max-width: 454px) 100vw, 454px\" \/><\/figure><\/div>\n\n\n\n<p><strong>SAMUELE LATTANZI &#8211; TENORE<\/strong><\/p>\n\n\n\n<p>Nel 2020 ha iniziato lo studio del Canto Lirico sotto la guida del M\u00b0 Davide Bartolucci presso la sede di Civitanova Marche di Semibreve APS. Successivamente, insieme al soprano Doriana Giuliodoro, ha preparato l&#8217;ammissione al Triennio Accademico di Canto Lirico presso il Conservatorio &#8220;G. B. Pergolesi&#8221; di Fermo, dove attualmente \u00e8 iscritto sotto la guida del M\u00b0 Raul Hernandez. Nel corso di questi anni ha collaborato con diverse corali, tra cui quella della Santa Casa di Loreto e la Corale Bellini di Ancona, con la quale \u00e8 attualmente impegnato nella stagione estiva dello Sferisterio di Macerata. In veste di solista ha partecipato a numerosi concerti con programmi cameristici, operistici ed antichi.<\/p>\n\n\n\n<div class=\"wp-block-image is-style-rounded\"><figure class=\"aligncenter size-large is-resized\"><img loading=\"lazy\" src=\"https:\/\/www.associazionesemibreve.it\/wp-content\/uploads\/2024\/06\/SAMUELE.jpg\" alt=\"\" class=\"wp-image-1294\" width=\"454\" height=\"454\" srcset=\"https:\/\/www.associazionesemibreve.it\/wp-content\/uploads\/2024\/06\/SAMUELE.jpg 520w, https:\/\/www.associazionesemibreve.it\/wp-content\/uploads\/2024\/06\/SAMUELE-300x300.jpg 300w, https:\/\/www.associazionesemibreve.it\/wp-content\/uploads\/2024\/06\/SAMUELE-150x150.jpg 150w, https:\/\/www.associazionesemibreve.it\/wp-content\/uploads\/2024\/06\/SAMUELE-400x400.jpg 400w\" sizes=\"(max-width: 454px) 100vw, 454px\" \/><\/figure><\/div>\n\n\n\n<p><strong>GIUSEPPE OTTAVIANI<\/strong> <strong>&#8211; PIANOFORTE<\/strong><\/p>\n\n\n\n<p>Nato nel 2001 a Sulmona, si avvicina al pianoforte all\u2019et\u00e0 di 7 anni per sua esplicita volont\u00e0. Nei successivi anni prosegue gli studi con il M\u00b0 Stefano Allegri nell\u2019Istituto Musicale Masini di Forl\u00ec. Attualmente frequenta il I\u00b0 anno di Biennio sotto la guida del M\u00b0 Lorenzo Di Bella presso il Conservatorio &#8220;G.Rossini&#8221; di Pesaro. Durante il suo percorso di studi frequenta corsi di perfezionamento pianistico con i maestri Andrea Lucchesini, Filippo Gamba, Ingrid Fliter, Riccardo Risaliti, Pierpaolo Maurizzi, Luigi Tanganelli, Mauro Minguzzi, Christa Butzberger. Ha conseguito diversi premi nei concorsi pianistici nazionali ed internazionali come \u201cAndrea Baldi\u201d di Bologna, &#8220;J.S.Bach di Sestri Levante, \u201cGiovani Musicisti\u201d di Treviso e il XVI Concorso \u201cCitt\u00e0 di Riccione. Nel 2020 \u00e8 stato inserito tra gli Artisti Summer dell\u2019Emilia Romagna Festival tenendo un recital all\u2019Arena di San Domenico di Forl\u00ec in occasione dei 250 anni dalla nascita di Ludwig Van Beethoven. Per il Mugellini Festival 2021 debutta con il Terzo Concerto di Beethoven insieme alla prestigiosa Orchestra Filarmonica Marchigiana nel Teatro di San Severino Marche e nell&#8217;Auditorium di Potenza Picena. Dal 2022, parallelamente all&#8217;attivit\u00e0 solistica, collabora regolarmente con il soprano Wilma Vernocchi e la sua classe di canto presso l&#8217;Istituto Masini di Forl\u00ec. Sempre nello stesso anno \u00e8 chiamato a inaugurare, sotto i riflettori di Mediaset, il nuovo Auditorium Conad a Forl\u00ec insieme alla giovane cantante lirica Eleonora Benetti. Dal 2024 inizia la sua collaborazione con l\u2019Accademia di alto perfezionamento per cantanti lirici del Teatro Carlo Felice di Genova sotto la guida di Francesco Meli e Serena Gamberoni.<\/p>\n\n\n\n<div class=\"wp-block-image is-style-rounded\"><figure class=\"aligncenter size-large is-resized\"><img loading=\"lazy\" src=\"https:\/\/www.associazionesemibreve.it\/wp-content\/uploads\/2024\/06\/FB_IMG_1678953934233-1-1.jpg\" alt=\"\" class=\"wp-image-1289\" width=\"454\" height=\"454\" srcset=\"https:\/\/www.associazionesemibreve.it\/wp-content\/uploads\/2024\/06\/FB_IMG_1678953934233-1-1.jpg 683w, https:\/\/www.associazionesemibreve.it\/wp-content\/uploads\/2024\/06\/FB_IMG_1678953934233-1-1-300x300.jpg 300w, https:\/\/www.associazionesemibreve.it\/wp-content\/uploads\/2024\/06\/FB_IMG_1678953934233-1-1-150x150.jpg 150w, https:\/\/www.associazionesemibreve.it\/wp-content\/uploads\/2024\/06\/FB_IMG_1678953934233-1-1-620x620.jpg 620w, https:\/\/www.associazionesemibreve.it\/wp-content\/uploads\/2024\/06\/FB_IMG_1678953934233-1-1-600x600.jpg 600w, https:\/\/www.associazionesemibreve.it\/wp-content\/uploads\/2024\/06\/FB_IMG_1678953934233-1-1-400x400.jpg 400w\" sizes=\"(max-width: 454px) 100vw, 454px\" \/><\/figure><\/div>\n","protected":false},"excerpt":{"rendered":"<p>FEDERICA PRISCILLA NICODEMO &#8211; SOPRANO Nata a Napoli il 28 settembre del 1993, inizia a 17 anni gli studi musicali presso l\u2019istituto Musicale privato G.B. Pergolesi di Jesi. In giovane&hellip;<a href=\"https:\/\/www.associazionesemibreve.it\/index.php\/gli-artisti-2\/\" class=\"more-link\"><span class=\"more-button\">Continue reading<span class=\"screen-reader-text\">GLI ARTISTI<\/span><\/span><\/a><\/p>\n","protected":false},"author":2,"featured_media":0,"parent":0,"menu_order":0,"comment_status":"closed","ping_status":"closed","template":"","meta":[],"_links":{"self":[{"href":"https:\/\/www.associazionesemibreve.it\/index.php\/wp-json\/wp\/v2\/pages\/1285"}],"collection":[{"href":"https:\/\/www.associazionesemibreve.it\/index.php\/wp-json\/wp\/v2\/pages"}],"about":[{"href":"https:\/\/www.associazionesemibreve.it\/index.php\/wp-json\/wp\/v2\/types\/page"}],"author":[{"embeddable":true,"href":"https:\/\/www.associazionesemibreve.it\/index.php\/wp-json\/wp\/v2\/users\/2"}],"replies":[{"embeddable":true,"href":"https:\/\/www.associazionesemibreve.it\/index.php\/wp-json\/wp\/v2\/comments?post=1285"}],"version-history":[{"count":6,"href":"https:\/\/www.associazionesemibreve.it\/index.php\/wp-json\/wp\/v2\/pages\/1285\/revisions"}],"predecessor-version":[{"id":1303,"href":"https:\/\/www.associazionesemibreve.it\/index.php\/wp-json\/wp\/v2\/pages\/1285\/revisions\/1303"}],"wp:attachment":[{"href":"https:\/\/www.associazionesemibreve.it\/index.php\/wp-json\/wp\/v2\/media?parent=1285"}],"curies":[{"name":"wp","href":"https:\/\/api.w.org\/{rel}","templated":true}]}}