{"id":891,"date":"2023-09-13T10:35:21","date_gmt":"2023-09-13T09:35:21","guid":{"rendered":"http:\/\/www.associazionesemibreve.it\/?page_id=891"},"modified":"2023-09-13T10:35:22","modified_gmt":"2023-09-13T09:35:22","slug":"giovanni-tornambene","status":"publish","type":"page","link":"https:\/\/www.associazionesemibreve.it\/index.php\/giovanni-tornambene\/","title":{"rendered":"GIOVANNI TORNAMBENE"},"content":{"rendered":"\n<p>Si diploma in pianoforte nel 1985 sotto la guida di Marco Fumo. Frequenta corsi sul Ragtime tenuti dallo stesso Fumo e corsi di analisi musicale con M\u00b0 Dalla Chiesa. Dalla fine degli anno 80 si dedica esclusivamente alla musica Jazz studiando con Sboto, Rea, Pieranunzi, Melillo, Battaglia, Di Bonaventura, Markowitz, Sabatini. Nel 1999 fonda l&#8217;Associazione Musicale &#8221;Blue Note&#8221; i cui scopi sono: contribuire alla diffusione, alla conoscenza ed allo sviluppo della Musica attraverso corsi di formazione musicale; organizzare stagioni concertistiche ed altre manifestazioni musicali. Ha partecipato a trasmissioni di Rai Radio Due. In Danimarca ha suonato alla &#8221;Vostrup Efterskole&#8221; scuola di musica e teatro sulla costa del Mare del Nord, e presso la &#8221; Musik Huset&#8221; centro musicale della citt\u00e0 di Arhus. Dopo moltissimi anni di studio accademico, passando dal Classico al Jazz, ha cominciato ad occuparsi di \u201cMusica Libera\u201d, trovando un percorso prettamente personale, legato a sensazioni ed emozioni suggestive e altamente gratificanti, stimolante e ricco di creativit\u00e0, volto al miglioramento del s\u00e9. La libert\u00e0 \u00e8 la condizione essenziale per poter esprimere se stessi fino in fondo. La libert\u00e0 non dovrebbe essere conquistata, ma dovrebbe essere un diritto di tutti fin da subito. Almeno in musica!<\/p>\n\n\n\n<div class=\"wp-block-image is-style-rounded\"><figure class=\"aligncenter size-full is-resized\"><img loading=\"lazy\" src=\"http:\/\/www.associazionesemibreve.it\/wp-content\/uploads\/2023\/09\/TORNAMBENE.jpg\" alt=\"\" class=\"wp-image-892\" width=\"503\" height=\"503\" srcset=\"https:\/\/www.associazionesemibreve.it\/wp-content\/uploads\/2023\/09\/TORNAMBENE.jpg 543w, https:\/\/www.associazionesemibreve.it\/wp-content\/uploads\/2023\/09\/TORNAMBENE-300x300.jpg 300w, https:\/\/www.associazionesemibreve.it\/wp-content\/uploads\/2023\/09\/TORNAMBENE-150x150.jpg 150w, https:\/\/www.associazionesemibreve.it\/wp-content\/uploads\/2023\/09\/TORNAMBENE-400x400.jpg 400w\" sizes=\"(max-width: 503px) 100vw, 503px\" \/><\/figure><\/div>\n","protected":false},"excerpt":{"rendered":"<p>Si diploma in pianoforte nel 1985 sotto la guida di Marco Fumo. Frequenta corsi sul Ragtime tenuti dallo stesso Fumo e corsi di analisi musicale con M\u00b0 Dalla Chiesa. Dalla&hellip;<a href=\"https:\/\/www.associazionesemibreve.it\/index.php\/giovanni-tornambene\/\" class=\"more-link\"><span class=\"more-button\">Continue reading<span class=\"screen-reader-text\">GIOVANNI TORNAMBENE<\/span><\/span><\/a><\/p>\n","protected":false},"author":2,"featured_media":0,"parent":0,"menu_order":0,"comment_status":"closed","ping_status":"closed","template":"","meta":[],"_links":{"self":[{"href":"https:\/\/www.associazionesemibreve.it\/index.php\/wp-json\/wp\/v2\/pages\/891"}],"collection":[{"href":"https:\/\/www.associazionesemibreve.it\/index.php\/wp-json\/wp\/v2\/pages"}],"about":[{"href":"https:\/\/www.associazionesemibreve.it\/index.php\/wp-json\/wp\/v2\/types\/page"}],"author":[{"embeddable":true,"href":"https:\/\/www.associazionesemibreve.it\/index.php\/wp-json\/wp\/v2\/users\/2"}],"replies":[{"embeddable":true,"href":"https:\/\/www.associazionesemibreve.it\/index.php\/wp-json\/wp\/v2\/comments?post=891"}],"version-history":[{"count":1,"href":"https:\/\/www.associazionesemibreve.it\/index.php\/wp-json\/wp\/v2\/pages\/891\/revisions"}],"predecessor-version":[{"id":894,"href":"https:\/\/www.associazionesemibreve.it\/index.php\/wp-json\/wp\/v2\/pages\/891\/revisions\/894"}],"wp:attachment":[{"href":"https:\/\/www.associazionesemibreve.it\/index.php\/wp-json\/wp\/v2\/media?parent=891"}],"curies":[{"name":"wp","href":"https:\/\/api.w.org\/{rel}","templated":true}]}}