{"id":992,"date":"2023-09-19T12:59:24","date_gmt":"2023-09-19T11:59:24","guid":{"rendered":"http:\/\/www.associazionesemibreve.it\/?page_id=992"},"modified":"2023-09-19T13:40:12","modified_gmt":"2023-09-19T12:40:12","slug":"frank-micucci","status":"publish","type":"page","link":"https:\/\/www.associazionesemibreve.it\/index.php\/frank-micucci\/","title":{"rendered":"FRANK MICUCCI"},"content":{"rendered":"\n<p>Nasce a Civitanova Marche nel 1983. Dal 1994 al 2001 studia sassofono con i Maestri Carpineti e Morlupi. Parallelamente si appassiona al canto, alla chitarra e al pianoforte da autodidatta. Nel 1995 intraprende l&#8217;attivit\u00e0 live che dura fino al 2015 sia con la &#8220;Banda Citt\u00e0 di Civitanova Marche&#8221; che con formazioni rock locali, in qualit\u00e0 di cantante e polistrumentista. Nello stesso anno comincia ad interessarsi alla pioneristica produzione musicale con il PC. Con la band &#8220;The Mods&#8221; pubblica nel 2002 l&#8217;album &#8220;SATOR&#8221; e si avvicina al genere rock progressivo. Nella ricerca di tecniche sperimentali nel canto, nel 2009, studia Diplofonie, Triplofonie e Canto Mongolo con la Maestra Rikatu Karasumi.<br>Nel 2015 studia Pianoforte con il M\u00b0 Luca Conti. Nel 2016 prende parte al corso di formazione per &#8220;tecnico del suono e produzione in studio&#8221; organizzato dalla Regione Marche. Insieme al produttore Andrea Mei, muove i primi passi negli studi di registrazione. Nello stesso anno fonda il &#8220;Ganapati Studio&#8221;. Nel 2018 lavora presso l&#8221;Electric Plant Studio&#8221; a Chico in California in qualit\u00e0 di produttore, interprete vocale, fonico e polistrumentista; da l\u00ec inizia una collaborazione con il produttore ed ingegnere del suono Nominato al Grammy Dale Price, che dura fino ad ora. Nel 2019 firma, sempre a Chico, la prima colonna sonora per il film &#8220;The American Totem&#8221;, iniziando varie collaborazioni come compositore di musica da film sia negli USA che in Italia. Attualmente segue vari artisti Italiani e Californiani in qualit\u00e0 di arrangiatore, produttore, esecutore e cantante. Vanta dal 2016 centinaia di esecuzioni in altrettanti dischi nei pi\u00f9 svariati generi (rock, pop, hard rock, folk e metal). E&#8217; co-autore ed autore di molteplici brani pop, rock, neoclassici e jingle.<\/p>\n\n\n\n<div class=\"wp-block-image is-style-rounded\"><figure class=\"aligncenter size-large is-resized\"><img loading=\"lazy\" src=\"http:\/\/www.associazionesemibreve.it\/wp-content\/uploads\/2023\/09\/1000048938-1-1024x1024.jpg\" alt=\"\" class=\"wp-image-1001\" width=\"539\" height=\"539\" srcset=\"https:\/\/www.associazionesemibreve.it\/wp-content\/uploads\/2023\/09\/1000048938-1-1024x1024.jpg 1024w, https:\/\/www.associazionesemibreve.it\/wp-content\/uploads\/2023\/09\/1000048938-1-300x300.jpg 300w, https:\/\/www.associazionesemibreve.it\/wp-content\/uploads\/2023\/09\/1000048938-1-150x150.jpg 150w, https:\/\/www.associazionesemibreve.it\/wp-content\/uploads\/2023\/09\/1000048938-1-768x768.jpg 768w, https:\/\/www.associazionesemibreve.it\/wp-content\/uploads\/2023\/09\/1000048938-1-1536x1536.jpg 1536w, https:\/\/www.associazionesemibreve.it\/wp-content\/uploads\/2023\/09\/1000048938-1-2048x2048.jpg 2048w, https:\/\/www.associazionesemibreve.it\/wp-content\/uploads\/2023\/09\/1000048938-1-620x620.jpg 620w, https:\/\/www.associazionesemibreve.it\/wp-content\/uploads\/2023\/09\/1000048938-1-1000x1000.jpg 1000w, https:\/\/www.associazionesemibreve.it\/wp-content\/uploads\/2023\/09\/1000048938-1-600x600.jpg 600w, https:\/\/www.associazionesemibreve.it\/wp-content\/uploads\/2023\/09\/1000048938-1-400x400.jpg 400w\" sizes=\"(max-width: 539px) 100vw, 539px\" \/><\/figure><\/div>\n","protected":false},"excerpt":{"rendered":"<p>Nasce a Civitanova Marche nel 1983. Dal 1994 al 2001 studia sassofono con i Maestri Carpineti e Morlupi. Parallelamente si appassiona al canto, alla chitarra e al pianoforte da autodidatta.&hellip;<a href=\"https:\/\/www.associazionesemibreve.it\/index.php\/frank-micucci\/\" class=\"more-link\"><span class=\"more-button\">Continue reading<span class=\"screen-reader-text\">FRANK MICUCCI<\/span><\/span><\/a><\/p>\n","protected":false},"author":2,"featured_media":0,"parent":0,"menu_order":0,"comment_status":"closed","ping_status":"closed","template":"","meta":[],"_links":{"self":[{"href":"https:\/\/www.associazionesemibreve.it\/index.php\/wp-json\/wp\/v2\/pages\/992"}],"collection":[{"href":"https:\/\/www.associazionesemibreve.it\/index.php\/wp-json\/wp\/v2\/pages"}],"about":[{"href":"https:\/\/www.associazionesemibreve.it\/index.php\/wp-json\/wp\/v2\/types\/page"}],"author":[{"embeddable":true,"href":"https:\/\/www.associazionesemibreve.it\/index.php\/wp-json\/wp\/v2\/users\/2"}],"replies":[{"embeddable":true,"href":"https:\/\/www.associazionesemibreve.it\/index.php\/wp-json\/wp\/v2\/comments?post=992"}],"version-history":[{"count":2,"href":"https:\/\/www.associazionesemibreve.it\/index.php\/wp-json\/wp\/v2\/pages\/992\/revisions"}],"predecessor-version":[{"id":1008,"href":"https:\/\/www.associazionesemibreve.it\/index.php\/wp-json\/wp\/v2\/pages\/992\/revisions\/1008"}],"wp:attachment":[{"href":"https:\/\/www.associazionesemibreve.it\/index.php\/wp-json\/wp\/v2\/media?parent=992"}],"curies":[{"name":"wp","href":"https:\/\/api.w.org\/{rel}","templated":true}]}}